{"id":6073,"date":"2018-03-31T16:29:55","date_gmt":"2018-03-31T16:29:55","guid":{"rendered":"http:\/\/www.transocean.lt\/new\/customs-clearance-and-warehousing\/"},"modified":"2023-02-21T15:00:08","modified_gmt":"2023-02-21T15:00:08","slug":"muitines-iforminimas-ir-sandeliavimas","status":"publish","type":"page","link":"https:\/\/www.transocean.lt\/lt\/paslaugu-aprasymas\/muitines-iforminimas-ir-sandeliavimas\/","title":{"rendered":"Muitin\u0117s \u012fforminimas ir sand\u0117liavimas"},"content":{"rendered":"<div class=\"flex_column av_one_half  flex_column_div av-zero-column-padding first  avia-builder-el-0  el_before_av_one_half  avia-builder-el-first  \" style='border-radius:0px; '><section class=\"av_textblock_section \"  itemscope=\"itemscope\" itemtype=\"https:\/\/schema.org\/CreativeWork\" ><div class='avia_textblock  '   itemprop=\"text\" ><h1>Muitin\u0117s \u012fforminimas ir sand\u0117liavimas<\/h1>\n<p>Transocean is providing the following customs &amp; warehousing services:<\/p>\n<ul>\n<li>Import and export customs clearance.<\/li>\n<li>Preparation of necessary documents for export of goods.<\/li>\n<li>Transit formalities.<\/li>\n<li>Issuance of certificates of origin.<\/li>\n<li>Customs terminal and warehousing services.<\/li>\n<li>An ownership change in a customs warehouse.<\/li>\n<li>Storage of goods in open\/heated \/ temperature-controlled warehouse.<\/li>\n<li>Storage of goods in bonded customs warehouses and free trade zones.<\/li>\n<li>Reloading of goods.<\/li>\n<li>Inspections of goods, including compliance with cargo quantities.<\/li>\n<li>Consolidation of groupage loads.<\/li>\n<li>Re-labeling.<\/li>\n<\/ul>\n<p>Transocean is official representative of following international shipping lines:\u00a0<a href=\"https:\/\/www.one-line.com\/\" target=\"_blank\" rel=\"noopener\">ONE (Ocean Network Express)\u00a0<\/a>and\u00a0<a href=\"http:\/\/www.samskipmultimodal.com\/\" target=\"_blank\" rel=\"noopener\">Samskip Multimodal<\/a>. We are agents for\u00a0<a href=\"https:\/\/www.yusen-logistics.com\/\" target=\"_blank\" rel=\"noopener\">Yusen Logistics<\/a>\u00a0and\u00a0<a href=\"http:\/\/www.sarjak.com\/\" target=\"_blank\" rel=\"noopener\">Sarjak Container Lines<\/a>\u00a0(both NVOCC).<\/p>\n<div class=\"avia-button-wrap avia-button-left avia-builder-el-3 el_after_av_textblock el_before_av_button \"><\/div>\n<\/div><\/section><br \/>\n<div  class='avia-button-wrap avia-button-left  avia-builder-el-2  el_after_av_textblock  el_before_av_button ' ><a href='mailto:mailto:transcoean@transcoean.lt'  class='avia-button av-icon-on-hover avia-color-theme-color   avia-icon_select-yes-left-icon avia-size-medium avia-position-left '   ><span class='avia_button_icon avia_button_icon_left ' aria-hidden='true' data-av_icon='\ue8b7' data-av_iconfont='entypo-fontello'><\/span><span class='avia_iconbox_title' >transcoean@transcoean.lt<\/span><\/a><\/div><br \/>\n<div  class='avia-button-wrap avia-button-right  avia-builder-el-3  el_after_av_button  avia-builder-el-last ' ><a href='call:+37046411100'  class='avia-button av-icon-on-hover avia-color-theme-color   avia-icon_select-yes-left-icon avia-size-medium avia-position-right '   ><span class='avia_button_icon avia_button_icon_left ' aria-hidden='true' data-av_icon='\ue854' data-av_iconfont='entypo-fontello'><\/span><span class='avia_iconbox_title' >+370 46 41 11 00<\/span><\/a><\/div><\/p><\/div><div class=\"flex_column av_one_half  flex_column_div av-zero-column-padding   avia-builder-el-4  el_after_av_one_half  el_before_av_section  avia-builder-el-last  \" style='border-radius:0px; '><div  class='avia-gallery  avia-gallery-1 avia_lazyload avia-gallery-animate avia_animate_when_visible  avia-builder-el-5  avia-builder-el-no-sibling '  itemprop=\"image\" itemscope=\"itemscope\" itemtype=\"https:\/\/schema.org\/ImageObject\" ><a class='avia-gallery-big fakeLightbox lightbox avia-gallery-big-crop-thumb ' href=\"https:\/\/www.transocean.lt\/wp-content\/uploads\/2018\/03\/custom-clearance-4-1030x687.jpg\" href=\"1030\" href=\"687\" href=\"1\" data-srcset=\"https:\/\/www.transocean.lt\/wp-content\/uploads\/2018\/03\/custom-clearance-4.jpg 1030w, https:\/\/www.transocean.lt\/wp-content\/uploads\/2018\/03\/custom-clearance-4-300x200.jpg 300w, https:\/\/www.transocean.lt\/wp-content\/uploads\/2018\/03\/custom-clearance-4-768x512.jpg 768w, https:\/\/www.transocean.lt\/wp-content\/uploads\/2018\/03\/custom-clearance-4-705x470.jpg 705w\" data-sizes=\"(max-width: 1030px) 100vw, 1030px\"  data-onclick='1' title='custom-clearance-4' ><span class='avia-gallery-big-inner'  itemprop=\"thumbnailUrl\" ><img decoding=\"async\" class=\"wp-image-6074 avia-img-lazy-loading-not-6074\"  width=\"1030\" height=\"687\" src=\"https:\/\/www.transocean.lt\/wp-content\/uploads\/2018\/03\/custom-clearance-4.jpg\" title='custom-clearance-4' alt='' srcset=\"https:\/\/www.transocean.lt\/wp-content\/uploads\/2018\/03\/custom-clearance-4.jpg 1030w, https:\/\/www.transocean.lt\/wp-content\/uploads\/2018\/03\/custom-clearance-4-300x200.jpg 300w, https:\/\/www.transocean.lt\/wp-content\/uploads\/2018\/03\/custom-clearance-4-768x512.jpg 768w, https:\/\/www.transocean.lt\/wp-content\/uploads\/2018\/03\/custom-clearance-4-705x470.jpg 705w\" sizes=\"(max-width: 1030px) 100vw, 1030px\" \/><\/span><\/a><div class='avia-gallery-thumb'> <a href=\"https:\/\/www.transocean.lt\/wp-content\/uploads\/2018\/03\/custom-clearance-4-1030x687.jpg\" href=\"1030\" href=\"687\" href=\"1\" data-srcset=\"https:\/\/www.transocean.lt\/wp-content\/uploads\/2018\/03\/custom-clearance-4.jpg 1030w, https:\/\/www.transocean.lt\/wp-content\/uploads\/2018\/03\/custom-clearance-4-300x200.jpg 300w, https:\/\/www.transocean.lt\/wp-content\/uploads\/2018\/03\/custom-clearance-4-768x512.jpg 768w, https:\/\/www.transocean.lt\/wp-content\/uploads\/2018\/03\/custom-clearance-4-705x470.jpg 705w\" data-sizes=\"(max-width: 1030px) 100vw, 1030px\" data-rel='gallery-1' data-prev-img='https:\/\/www.transocean.lt\/wp-content\/uploads\/2018\/03\/custom-clearance-4.jpg' class='first_thumb lightbox ' data-onclick='1' title='custom-clearance-4'  itemprop=\"thumbnailUrl\"  ><img decoding=\"async\" class=\"wp-image-6074 avia-img-lazy-loading-not-6074\"   src=\"https:\/\/www.transocean.lt\/wp-content\/uploads\/2018\/03\/custom-clearance-4-495x400.jpg\" width=\"495\" height=\"400\"  title='custom-clearance-4' alt='' srcset=\"https:\/\/www.transocean.lt\/wp-content\/uploads\/2018\/03\/custom-clearance-4-495x400.jpg 495w, https:\/\/www.transocean.lt\/wp-content\/uploads\/2018\/03\/custom-clearance-4-845x684.jpg 845w\" sizes=\"(max-width: 495px) 100vw, 495px\" \/><\/a> <a href=\"https:\/\/www.transocean.lt\/wp-content\/uploads\/2018\/03\/custom-clearance-3-1030x687.jpg\" href=\"1030\" href=\"687\" href=\"1\" data-srcset=\"https:\/\/www.transocean.lt\/wp-content\/uploads\/2018\/03\/custom-clearance-3.jpg 1030w, https:\/\/www.transocean.lt\/wp-content\/uploads\/2018\/03\/custom-clearance-3-300x200.jpg 300w, https:\/\/www.transocean.lt\/wp-content\/uploads\/2018\/03\/custom-clearance-3-768x512.jpg 768w, https:\/\/www.transocean.lt\/wp-content\/uploads\/2018\/03\/custom-clearance-3-705x470.jpg 705w\" data-sizes=\"(max-width: 1030px) 100vw, 1030px\" data-rel='gallery-1' data-prev-img='https:\/\/www.transocean.lt\/wp-content\/uploads\/2018\/03\/custom-clearance-3.jpg' class='lightbox ' data-onclick='2' title='custom-clearance-3'  itemprop=\"thumbnailUrl\"  ><img decoding=\"async\" class=\"wp-image-6174 avia-img-lazy-loading-not-6174\"   src=\"https:\/\/www.transocean.lt\/wp-content\/uploads\/2018\/03\/custom-clearance-3-495x400.jpg\" width=\"495\" height=\"400\"  title='custom-clearance-3' alt='' srcset=\"https:\/\/www.transocean.lt\/wp-content\/uploads\/2018\/03\/custom-clearance-3-495x400.jpg 495w, https:\/\/www.transocean.lt\/wp-content\/uploads\/2018\/03\/custom-clearance-3-845x684.jpg 845w\" sizes=\"(max-width: 495px) 100vw, 495px\" \/><\/a><\/div><\/div><\/div><\/p>\n<\/div><\/div><\/div><!-- close content main div --><\/div><\/div><div id='av_section_1'  class='avia-section main_color avia-section-large avia-no-shadow  avia-bg-style-scroll  avia-builder-el-6  el_after_av_one_half  avia-builder-el-last   container_wrap sidebar_right' style='background-color: #0c3b82;  '  ><div class='container' ><div class='template-page content  av-content-small alpha units'><div class='post-entry post-entry-type-page post-entry-6073'><div class='entry-content-wrapper clearfix'>\n<section class=\"av_textblock_section \"  itemscope=\"itemscope\" itemtype=\"https:\/\/schema.org\/CreativeWork\" ><div class='avia_textblock  av_inherit_color '  style='color:#ffffff; '  itemprop=\"text\" ><h1 style=\"text-align: center;\">Reikia \u012fkaini\u0173 kitam ve\u017eimui?<\/h1>\n<p style=\"text-align: center !important;\">U\u017epildykite form\u0105 su visais savo duomenimis ir m\u016bs\u0173 specialistas susisieks su jumis kaip galima grei\u010diau, paprastai per 2 darbo dienas.<\/p>\n<\/div><\/section>\n<div  class='avia-button-wrap avia-button-center  avia-builder-el-8  el_after_av_textblock  avia-builder-el-last ' ><a href='https:\/\/www.transocean.lt\/lt\/kainos-uzklausa\/'  class='avia-button av-icon-on-hover avia-color-theme-color-subtle   avia-icon_select-yes-right-icon avia-size-x-large avia-position-center '   ><span class='avia_iconbox_title' >KAINOS U\u017dKLAUSA<\/span><span class='avia_button_icon avia_button_icon_right' aria-hidden='true' data-av_icon='\ue897' data-av_iconfont='entypo-fontello'><\/span><\/a><\/div>\n<\/div><\/div><\/div><!-- close content main div --><\/div><\/div><div id='after_section_1'  class='main_color av_default_container_wrap container_wrap sidebar_right' style=' '  ><div class='container' ><div class='template-page content  av-content-small alpha units'><div class='post-entry post-entry-type-page post-entry-6073'><div class='entry-content-wrapper clearfix'>\n","protected":false},"excerpt":{"rendered":"","protected":false},"author":1,"featured_media":0,"parent":6106,"menu_order":0,"comment_status":"closed","ping_status":"closed","template":"","meta":{"footnotes":""},"class_list":["post-6073","page","type-page","status-publish","hentry"],"_links":{"self":[{"href":"https:\/\/www.transocean.lt\/lt\/wp-json\/wp\/v2\/pages\/6073","targetHints":{"allow":["GET"]}}],"collection":[{"href":"https:\/\/www.transocean.lt\/lt\/wp-json\/wp\/v2\/pages"}],"about":[{"href":"https:\/\/www.transocean.lt\/lt\/wp-json\/wp\/v2\/types\/page"}],"author":[{"embeddable":true,"href":"https:\/\/www.transocean.lt\/lt\/wp-json\/wp\/v2\/users\/1"}],"replies":[{"embeddable":true,"href":"https:\/\/www.transocean.lt\/lt\/wp-json\/wp\/v2\/comments?post=6073"}],"version-history":[{"count":4,"href":"https:\/\/www.transocean.lt\/lt\/wp-json\/wp\/v2\/pages\/6073\/revisions"}],"predecessor-version":[{"id":7076,"href":"https:\/\/www.transocean.lt\/lt\/wp-json\/wp\/v2\/pages\/6073\/revisions\/7076"}],"up":[{"embeddable":true,"href":"https:\/\/www.transocean.lt\/lt\/wp-json\/wp\/v2\/pages\/6106"}],"wp:attachment":[{"href":"https:\/\/www.transocean.lt\/lt\/wp-json\/wp\/v2\/media?parent=6073"}],"curies":[{"name":"wp","href":"https:\/\/api.w.org\/{rel}","templated":true}]}}