{"id":6085,"date":"2018-03-31T16:03:29","date_gmt":"2018-03-31T16:03:29","guid":{"rendered":"http:\/\/www.transocean.lt\/new\/container-transport-services\/"},"modified":"2023-02-21T15:05:14","modified_gmt":"2023-02-21T15:05:14","slug":"konteineriu-gabenimas","status":"publish","type":"page","link":"https:\/\/www.transocean.lt\/lt\/paslaugu-aprasymas\/konteineriu-gabenimas\/","title":{"rendered":"Konteineri\u0173 gabenimas"},"content":{"rendered":"<div class=\"flex_column av_one_half  flex_column_div av-zero-column-padding first  avia-builder-el-0  el_before_av_one_half  avia-builder-el-first  \" style='border-radius:0px; '><section class=\"av_textblock_section \"  itemscope=\"itemscope\" itemtype=\"https:\/\/schema.org\/CreativeWork\" ><div class='avia_textblock  '   itemprop=\"text\" ><h1>Konteineri\u0173 gabenimas<\/h1>\n<p>\u201eTransocean\u201c teikia \u0161ias konteineri\u0173 gabenimo paslaugas:<\/p>\n<ul>\n<li>Piln\u0173 konteineri\u0173 gabenimas visame pasaulyje (angl. \u201efull container load\u201c \u2013 FCL).<\/li>\n<li>Dalini\u0173 krovini\u0173 gabenimas visame pasaulyje (angl. \u201e less than conatiner load\u201c \u2013 LCL).<\/li>\n<li>FCL\/LCL gabenimo automobiliu arba traukiniu paslaugos \u012f\/i\u0161 Baltijos \u0161ali\u0173, NVS \u0161ali\u0173.<\/li>\n<li>J\u016br\u0173 transporto draudimas pagal kliento poreikius.<\/li>\n<li>Muit\u0173 apmok\u0117jimas.<\/li>\n<li>Laivo dokument\u0173 sutvarkymas, agentavimas.<\/li>\n<li>Preki\u0173 apdorojimo organizavimas uostuose, traukini\u0173 terminaluose ir muitin\u0117s sand\u0117liuose.<\/li>\n<\/ul>\n<p>U\u017epildykite form\u0105 KAINOS U\u017dKLAUSA arba tiesiog kreipkites \u012f m\u016bs\u0173 biur\u0105 telefonu, elektroniniu pa\u0161tu, kad susisiekti su vienu i\u0161 m\u016bs\u0173 specialist\u0173.<\/p>\n<\/div><\/section><br \/>\n<div  class='avia-button-wrap avia-button-left  avia-builder-el-2  el_after_av_textblock  el_before_av_button ' ><a href='mailto:mailto:transocean@transocean.lt'  class='avia-button av-icon-on-hover avia-color-theme-color   avia-icon_select-yes-left-icon avia-size-medium avia-position-left '   ><span class='avia_button_icon avia_button_icon_left ' aria-hidden='true' data-av_icon='\ue8b7' data-av_iconfont='entypo-fontello'><\/span><span class='avia_iconbox_title' >transocean@transocean.lt<\/span><\/a><\/div><br \/>\n<div  class='avia-button-wrap avia-button-right  avia-builder-el-3  el_after_av_button  avia-builder-el-last ' ><a href='call:+37046411100'  class='avia-button av-icon-on-hover avia-color-theme-color   avia-icon_select-yes-left-icon avia-size-medium avia-position-right '   ><span class='avia_button_icon avia_button_icon_left ' aria-hidden='true' data-av_icon='\ue854' data-av_iconfont='entypo-fontello'><\/span><span class='avia_iconbox_title' >+370 46 41 11 00<\/span><\/a><\/div><\/p><\/div><div class=\"flex_column av_one_half  flex_column_div av-zero-column-padding   avia-builder-el-4  el_after_av_one_half  el_before_av_section  avia-builder-el-last  \" style='border-radius:0px; '><div  class='avia-gallery  avia-gallery-1 avia_lazyload avia-gallery-animate avia_animate_when_visible  avia-builder-el-5  avia-builder-el-no-sibling '  itemprop=\"image\" itemscope=\"itemscope\" itemtype=\"https:\/\/schema.org\/ImageObject\" ><a class='avia-gallery-big fakeLightbox lightbox avia-gallery-big-crop-thumb ' href=\"https:\/\/www.transocean.lt\/wp-content\/uploads\/2018\/03\/container-services-4-1030x687.jpg\" href=\"1030\" href=\"687\" href=\"1\" data-srcset=\"https:\/\/www.transocean.lt\/wp-content\/uploads\/2018\/03\/container-services-4.jpg 1030w, https:\/\/www.transocean.lt\/wp-content\/uploads\/2018\/03\/container-services-4-300x200.jpg 300w, https:\/\/www.transocean.lt\/wp-content\/uploads\/2018\/03\/container-services-4-768x512.jpg 768w, https:\/\/www.transocean.lt\/wp-content\/uploads\/2018\/03\/container-services-4-705x470.jpg 705w\" data-sizes=\"(max-width: 1030px) 100vw, 1030px\"  data-onclick='1' title='container-services-4' ><span class='avia-gallery-big-inner'  itemprop=\"thumbnailUrl\" ><img decoding=\"async\" class=\"wp-image-6086 avia-img-lazy-loading-not-6086\"  width=\"1030\" height=\"687\" src=\"https:\/\/www.transocean.lt\/wp-content\/uploads\/2018\/03\/container-services-4.jpg\" title='container-services-4' alt='' srcset=\"https:\/\/www.transocean.lt\/wp-content\/uploads\/2018\/03\/container-services-4.jpg 1030w, https:\/\/www.transocean.lt\/wp-content\/uploads\/2018\/03\/container-services-4-300x200.jpg 300w, https:\/\/www.transocean.lt\/wp-content\/uploads\/2018\/03\/container-services-4-768x512.jpg 768w, https:\/\/www.transocean.lt\/wp-content\/uploads\/2018\/03\/container-services-4-705x470.jpg 705w\" sizes=\"(max-width: 1030px) 100vw, 1030px\" \/><\/span><\/a><div class='avia-gallery-thumb'> <a href=\"https:\/\/www.transocean.lt\/wp-content\/uploads\/2018\/03\/container-services-4-1030x687.jpg\" href=\"1030\" href=\"687\" href=\"1\" data-srcset=\"https:\/\/www.transocean.lt\/wp-content\/uploads\/2018\/03\/container-services-4.jpg 1030w, https:\/\/www.transocean.lt\/wp-content\/uploads\/2018\/03\/container-services-4-300x200.jpg 300w, https:\/\/www.transocean.lt\/wp-content\/uploads\/2018\/03\/container-services-4-768x512.jpg 768w, https:\/\/www.transocean.lt\/wp-content\/uploads\/2018\/03\/container-services-4-705x470.jpg 705w\" data-sizes=\"(max-width: 1030px) 100vw, 1030px\" data-rel='gallery-1' data-prev-img='https:\/\/www.transocean.lt\/wp-content\/uploads\/2018\/03\/container-services-4.jpg' class='first_thumb lightbox ' data-onclick='1' title='container-services-4'  itemprop=\"thumbnailUrl\"  ><img decoding=\"async\" class=\"wp-image-6086 avia-img-lazy-loading-not-6086\"   src=\"https:\/\/www.transocean.lt\/wp-content\/uploads\/2018\/03\/container-services-4-495x400.jpg\" width=\"495\" height=\"400\"  title='container-services-4' alt='' srcset=\"https:\/\/www.transocean.lt\/wp-content\/uploads\/2018\/03\/container-services-4-495x400.jpg 495w, https:\/\/www.transocean.lt\/wp-content\/uploads\/2018\/03\/container-services-4-845x684.jpg 845w\" sizes=\"(max-width: 495px) 100vw, 495px\" \/><\/a> <a href=\"https:\/\/www.transocean.lt\/wp-content\/uploads\/2018\/03\/container-services-3-1030x687.jpg\" href=\"1030\" href=\"687\" href=\"1\" data-srcset=\"https:\/\/www.transocean.lt\/wp-content\/uploads\/2018\/03\/container-services-3.jpg 1030w, https:\/\/www.transocean.lt\/wp-content\/uploads\/2018\/03\/container-services-3-300x200.jpg 300w, https:\/\/www.transocean.lt\/wp-content\/uploads\/2018\/03\/container-services-3-768x512.jpg 768w, https:\/\/www.transocean.lt\/wp-content\/uploads\/2018\/03\/container-services-3-705x470.jpg 705w\" data-sizes=\"(max-width: 1030px) 100vw, 1030px\" data-rel='gallery-1' data-prev-img='https:\/\/www.transocean.lt\/wp-content\/uploads\/2018\/03\/container-services-3.jpg' class='lightbox ' data-onclick='2' title='container-services-3'  itemprop=\"thumbnailUrl\"  ><img decoding=\"async\" class=\"wp-image-6170 avia-img-lazy-loading-not-6170\"   src=\"https:\/\/www.transocean.lt\/wp-content\/uploads\/2018\/03\/container-services-3-495x400.jpg\" width=\"495\" height=\"400\"  title='container-services-3' alt='' srcset=\"https:\/\/www.transocean.lt\/wp-content\/uploads\/2018\/03\/container-services-3-495x400.jpg 495w, https:\/\/www.transocean.lt\/wp-content\/uploads\/2018\/03\/container-services-3-845x684.jpg 845w\" sizes=\"(max-width: 495px) 100vw, 495px\" \/><\/a> <a href=\"https:\/\/www.transocean.lt\/wp-content\/uploads\/2018\/03\/container-services-2-1030x687.jpg\" href=\"1030\" href=\"687\" href=\"1\" data-srcset=\"https:\/\/www.transocean.lt\/wp-content\/uploads\/2018\/03\/container-services-2.jpg 1030w, https:\/\/www.transocean.lt\/wp-content\/uploads\/2018\/03\/container-services-2-300x200.jpg 300w, https:\/\/www.transocean.lt\/wp-content\/uploads\/2018\/03\/container-services-2-768x512.jpg 768w, https:\/\/www.transocean.lt\/wp-content\/uploads\/2018\/03\/container-services-2-705x470.jpg 705w\" data-sizes=\"(max-width: 1030px) 100vw, 1030px\" data-rel='gallery-1' data-prev-img='https:\/\/www.transocean.lt\/wp-content\/uploads\/2018\/03\/container-services-2.jpg' class='lightbox ' data-onclick='3' title='container-services-2'  itemprop=\"thumbnailUrl\"  ><img decoding=\"async\" class=\"wp-image-6171 avia-img-lazy-loading-not-6171\"   src=\"https:\/\/www.transocean.lt\/wp-content\/uploads\/2018\/03\/container-services-2-495x400.jpg\" width=\"495\" height=\"400\"  title='container-services-2' alt='' srcset=\"https:\/\/www.transocean.lt\/wp-content\/uploads\/2018\/03\/container-services-2-495x400.jpg 495w, https:\/\/www.transocean.lt\/wp-content\/uploads\/2018\/03\/container-services-2-845x684.jpg 845w\" sizes=\"(max-width: 495px) 100vw, 495px\" \/><\/a> <a href=\"https:\/\/www.transocean.lt\/wp-content\/uploads\/2018\/03\/container-services-1-1030x773.jpg\" href=\"1030\" href=\"773\" href=\"1\" data-srcset=\"https:\/\/www.transocean.lt\/wp-content\/uploads\/2018\/03\/container-services-1.jpg 1030w, https:\/\/www.transocean.lt\/wp-content\/uploads\/2018\/03\/container-services-1-300x225.jpg 300w, https:\/\/www.transocean.lt\/wp-content\/uploads\/2018\/03\/container-services-1-768x576.jpg 768w, https:\/\/www.transocean.lt\/wp-content\/uploads\/2018\/03\/container-services-1-705x529.jpg 705w\" data-sizes=\"(max-width: 1030px) 100vw, 1030px\" data-rel='gallery-1' data-prev-img='https:\/\/www.transocean.lt\/wp-content\/uploads\/2018\/03\/container-services-1.jpg' class='lightbox ' data-onclick='4' title='container-services-1'  itemprop=\"thumbnailUrl\"  ><img decoding=\"async\" class=\"wp-image-6172 avia-img-lazy-loading-not-6172\"   src=\"https:\/\/www.transocean.lt\/wp-content\/uploads\/2018\/03\/container-services-1-495x400.jpg\" width=\"495\" height=\"400\"  title='container-services-1' alt='' srcset=\"https:\/\/www.transocean.lt\/wp-content\/uploads\/2018\/03\/container-services-1-495x400.jpg 495w, https:\/\/www.transocean.lt\/wp-content\/uploads\/2018\/03\/container-services-1-845x684.jpg 845w\" sizes=\"(max-width: 495px) 100vw, 495px\" \/><\/a><\/div><\/div><\/div><\/p>\n<\/div><\/div><\/div><!-- close content main div --><\/div><\/div><div id='av_section_1'  class='avia-section main_color avia-section-large avia-no-border-styling  avia-bg-style-scroll  avia-builder-el-6  el_after_av_one_half  el_before_av_section   container_wrap sidebar_right' style='background-color: #ffffff;  '  ><div class='container' ><div class='template-page content  av-content-small alpha units'><div class='post-entry post-entry-type-page post-entry-6085'><div class='entry-content-wrapper clearfix'>\n<section class=\"av_textblock_section \"  itemscope=\"itemscope\" itemtype=\"https:\/\/schema.org\/CreativeWork\" ><div class='avia_textblock  '   itemprop=\"text\" ><h1>Konteineri\u0173 i\u0161matavimai<\/h1>\n<p><strong>Saus\u0173 krovinini\u0173 konteineriai\u00a0<\/strong>(spauskite nor\u0117dami ap\u017ei\u016br\u0117ti \u012frang\u0105)<\/p>\n<table border=\"0\" width=\"200\" cellspacing=\"0\" cellpadding=\"0\">\n<tbody>\n<tr>\n<td height=\"10\">Dry Cargo<\/p>\n<p><a href=\"https:\/\/www.transocean.lt\/containers\/dry_cargo.png\"><img loading=\"lazy\" decoding=\"async\" class=\"alignnone size-full wp-image-587\" src=\"https:\/\/www.transocean.lt\/containers\/dry_cargo.png\" alt=\"dry_cargo\" width=\"150\" height=\"75\" border=\"0\" \/><\/a><\/td>\n<td height=\"10\">High Cube<\/p>\n<p><a href=\"https:\/\/www.transocean.lt\/containers\/high_cube.png\"><img loading=\"lazy\" decoding=\"async\" class=\"alignnone size-full wp-image-591\" src=\"https:\/\/www.transocean.lt\/containers\/high_cube.png\" alt=\"high_cube\" width=\"150\" height=\"75\" border=\"0\" \/><\/a><\/td>\n<td height=\"10\">Flat Rack<\/p>\n<p><a href=\"https:\/\/www.transocean.lt\/containers\/flat_rack.png\"><img loading=\"lazy\" decoding=\"async\" class=\"alignnone size-full wp-image-589\" src=\"https:\/\/www.transocean.lt\/containers\/flat_rack.png\" alt=\"flat_rack\" width=\"150\" height=\"75\" border=\"0\" \/><\/a><\/td>\n<td>Open Top<\/p>\n<p><a href=\"https:\/\/www.transocean.lt\/containers\/open_top.png\"><img loading=\"lazy\" decoding=\"async\" class=\"alignnone size-full wp-image-593\" src=\"https:\/\/www.transocean.lt\/containers\/open_top.png\" alt=\"open_top\" width=\"150\" height=\"75\" border=\"0\" \/><\/a><\/td>\n<td>Pallet Wide<\/p>\n<p><a href=\"https:\/\/www.transocean.lt\/containers\/pallet_wide.png\"><img loading=\"lazy\" decoding=\"async\" class=\"alignnone size-full wp-image-595\" src=\"https:\/\/www.transocean.lt\/containers\/pallet_wide.png\" alt=\"pallet_wide\" width=\"150\" height=\"75\" border=\"0\" \/><\/a><\/td>\n<\/tr>\n<\/tbody>\n<\/table>\n<p><strong>Su\u0161aldyt\u0173 krovini\u0173 konteineriai\u00a0<\/strong>(spauskite nor\u0117dami ap\u017ei\u016br\u0117ti \u012frang\u0105)<\/p>\n<table border=\"0\" width=\"200\" cellspacing=\"0\" cellpadding=\"0\">\n<tbody>\n<tr>\n<td>Reefer Integrated<\/p>\n<p><a href=\"https:\/\/www.transocean.lt\/containers\/reefer_integrated.png\"><img loading=\"lazy\" decoding=\"async\" class=\"alignnone size-full wp-image-599\" src=\"https:\/\/www.transocean.lt\/containers\/reefer_integrated.png\" alt=\"reefer_integrated\" width=\"150\" height=\"75\" border=\"0\" \/><\/a><\/td>\n<td>Reefer Insulated<\/p>\n<p><a href=\"https:\/\/www.transocean.lt\/containers\/reefer_insulated.png\"><img loading=\"lazy\" decoding=\"async\" class=\"alignnone size-full wp-image-597\" src=\"https:\/\/www.transocean.lt\/containers\/reefer_insulated.png\" alt=\"reefer_insulated\" width=\"150\" height=\"75\" border=\"0\" \/><\/a><\/td>\n<\/tr>\n<\/tbody>\n<\/table>\n<p>Pateikti dyd\u017eiai, svoriai ir matmenys yra vidutiniai. Jei turite ypating\u0173 reikalavim\u0173, kreipkit\u0117s \u012f \u201eTransocean\u201c biur\u0105.<\/p>\n<table border=\"0\" width=\"100%\" align=\"left\">\n<tbody>\n<tr>\n<td bgcolor=\"#e6e9f1\" width=\"17%\"><strong>TIPAS<\/strong><\/td>\n<td colspan=\"2\" bgcolor=\"#f6f7f9\"><strong>SVORAS (KG)<\/strong><\/td>\n<td colspan=\"4\" bgcolor=\"#e6e9f1\"><strong>INTERJERAS MATAVIMAS<\/strong><\/td>\n<td colspan=\"2\" bgcolor=\"#eef1f5\"><strong>DUR\u0172 ATIDARYMO (M)<br \/>\n<\/strong><\/td>\n<\/tr>\n<tr>\n<td bgcolor=\"#e6e9f1\"><\/td>\n<td bgcolor=\"#f6f7f9\">bendras<\/td>\n<td bgcolor=\"#f6f7f9\">tara<\/td>\n<td bgcolor=\"#e6e9f1\">ilgis<\/td>\n<td bgcolor=\"#e6e9f1\">plotis<\/td>\n<td bgcolor=\"#e6e9f1\">auk\u0161tis<\/td>\n<td bgcolor=\"#e6e9f1\">apimtis (\u043c3)<\/td>\n<td bgcolor=\"#eef1f5\">plotis<\/td>\n<td bgcolor=\"#eef1f5\">auk\u0161tis<\/td>\n<\/tr>\n<tr>\n<td bgcolor=\"#e6e9f1\"><strong>DC<\/strong> (dry container) 20&#8242;<\/td>\n<td bgcolor=\"#f6f7f9\">24,000<\/td>\n<td bgcolor=\"#f6f7f9\">2,370<\/td>\n<td bgcolor=\"#e6e9f1\">5,898<\/td>\n<td bgcolor=\"#e6e9f1\">2,352<\/td>\n<td bgcolor=\"#e6e9f1\">2,394<\/td>\n<td bgcolor=\"#e6e9f1\">33,20<\/td>\n<td bgcolor=\"#eef1f5\">2,286<\/td>\n<td bgcolor=\"#eef1f5\">2,134<\/td>\n<\/tr>\n<tr>\n<td bgcolor=\"#e6e9f1\"><strong>RC<\/strong> (reefer container) 20&#8242;<\/td>\n<td bgcolor=\"#f6f7f9\">24,000<\/td>\n<td bgcolor=\"#f6f7f9\">3,050<\/td>\n<td bgcolor=\"#e6e9f1\">5,449<\/td>\n<td bgcolor=\"#e6e9f1\">2,290<\/td>\n<td bgcolor=\"#e6e9f1\">2,244<\/td>\n<td bgcolor=\"#e6e9f1\">26,70<\/td>\n<td bgcolor=\"#eef1f5\">2,286<\/td>\n<td bgcolor=\"#eef1f5\">2,220<\/td>\n<\/tr>\n<tr>\n<td bgcolor=\"#e6e9f1\"><strong>OT<\/strong> (open top container) 20&#8242;<\/td>\n<td bgcolor=\"#f6f7f9\">24,000<\/td>\n<td bgcolor=\"#f6f7f9\">2,580<\/td>\n<td bgcolor=\"#e6e9f1\">5,629<\/td>\n<td bgcolor=\"#e6e9f1\">2,212<\/td>\n<td bgcolor=\"#e6e9f1\">2,311<\/td>\n<td bgcolor=\"#e6e9f1\">32,00<\/td>\n<td bgcolor=\"#eef1f5\">1,880<\/td>\n<td bgcolor=\"#eef1f5\">2,161<\/td>\n<\/tr>\n<tr>\n<td bgcolor=\"#e6e9f1\"><strong>FR<\/strong> (flat rack) 20&#8242;<\/td>\n<td bgcolor=\"#f6f7f9\">30,480<\/td>\n<td bgcolor=\"#f6f7f9\">2,900<\/td>\n<td bgcolor=\"#e6e9f1\">5,624<\/td>\n<td bgcolor=\"#e6e9f1\">2,236<\/td>\n<td bgcolor=\"#e6e9f1\">2,234<\/td>\n<td bgcolor=\"#e6e9f1\">27,90<\/td>\n<td bgcolor=\"#eef1f5\">&#8211;<\/td>\n<td bgcolor=\"#eef1f5\">&#8211;<\/td>\n<\/tr>\n<tr>\n<td bgcolor=\"#e6e9f1\"><strong>DC<\/strong> (dry container) 40&#8242;<\/td>\n<td bgcolor=\"#f6f7f9\">30,480<\/td>\n<td bgcolor=\"#f6f7f9\">4,000<\/td>\n<td bgcolor=\"#e6e9f1\">12,031<\/td>\n<td bgcolor=\"#e6e9f1\">2,352<\/td>\n<td bgcolor=\"#e6e9f1\">2,394<\/td>\n<td bgcolor=\"#e6e9f1\">67,74<\/td>\n<td bgcolor=\"#eef1f5\">2,286<\/td>\n<td bgcolor=\"#eef1f5\">2,134<\/td>\n<\/tr>\n<tr>\n<td bgcolor=\"#e6e9f1\"><strong>PW<\/strong> (pallet-wide) 40&#8242;<\/td>\n<td bgcolor=\"#f6f7f9\">34,000<\/td>\n<td bgcolor=\"#f6f7f9\">4,060<\/td>\n<td bgcolor=\"#e6e9f1\">12,100<\/td>\n<td bgcolor=\"#e6e9f1\">2,426<\/td>\n<td bgcolor=\"#e6e9f1\">2,389<\/td>\n<td bgcolor=\"#e6e9f1\">70,10<\/td>\n<td bgcolor=\"#eef1f5\">2,356<\/td>\n<td bgcolor=\"#eef1f5\">2,379<\/td>\n<\/tr>\n<tr>\n<td bgcolor=\"#e6e9f1\"><strong>HC<\/strong> (high cube) 40&#8242;<\/td>\n<td bgcolor=\"#f6f7f9\">30,480<\/td>\n<td bgcolor=\"#f6f7f9\">4,200<\/td>\n<td bgcolor=\"#e6e9f1\">12,031<\/td>\n<td bgcolor=\"#e6e9f1\">2,352<\/td>\n<td bgcolor=\"#e6e9f1\">2,699<\/td>\n<td bgcolor=\"#e6e9f1\">76,40<\/td>\n<td bgcolor=\"#eef1f5\">2,336<\/td>\n<td bgcolor=\"#eef1f5\">2,585<\/td>\n<\/tr>\n<tr>\n<td bgcolor=\"#e6e9f1\"><strong>OT<\/strong> (open top container)40&#8242;<\/td>\n<td bgcolor=\"#f6f7f9\">30,480<\/td>\n<td bgcolor=\"#f6f7f9\">4,290<\/td>\n<td bgcolor=\"#e6e9f1\">11,763<\/td>\n<td bgcolor=\"#e6e9f1\">2,212<\/td>\n<td bgcolor=\"#e6e9f1\">2,311<\/td>\n<td bgcolor=\"#e6e9f1\">65,40<\/td>\n<td bgcolor=\"#eef1f5\">2,220<\/td>\n<td bgcolor=\"#eef1f5\">2,131<\/td>\n<\/tr>\n<tr>\n<td bgcolor=\"#e6e9f1\"><strong>FR<\/strong> (flat rack) 40&#8242;<\/td>\n<td bgcolor=\"#f6f7f9\">34,000<\/td>\n<td bgcolor=\"#f6f7f9\">5,870<\/td>\n<td bgcolor=\"#e6e9f1\">11,786<\/td>\n<td bgcolor=\"#e6e9f1\">2,236<\/td>\n<td bgcolor=\"#e6e9f1\">1,968<\/td>\n<td bgcolor=\"#e6e9f1\">51,90<\/td>\n<td bgcolor=\"#eef1f5\">&#8211;<\/td>\n<td bgcolor=\"#eef1f5\">&#8211;<\/td>\n<\/tr>\n<tr>\n<td bgcolor=\"#e6e9f1\"><strong>RC<\/strong> (reefer container) 40&#8242;<\/td>\n<td bgcolor=\"#f6f7f9\">30,480<\/td>\n<td bgcolor=\"#f6f7f9\">4,670<\/td>\n<td bgcolor=\"#e6e9f1\">11,583<\/td>\n<td bgcolor=\"#e6e9f1\">2,290<\/td>\n<td bgcolor=\"#e6e9f1\">2,524<\/td>\n<td bgcolor=\"#e6e9f1\">64,30<\/td>\n<td bgcolor=\"#eef1f5\">2,286<\/td>\n<td bgcolor=\"#eef1f5\">2,134<\/td>\n<\/tr>\n<\/tbody>\n<\/table>\n<\/div><\/section>\n<\/div><\/div><\/div><!-- close content main div --><\/div><\/div><div id='av_section_2'  class='avia-section main_color avia-section-large avia-no-shadow  avia-bg-style-scroll  avia-builder-el-8  el_after_av_section  avia-builder-el-last   container_wrap sidebar_right' style='background-color: #0c3b82;  '  ><div class='container' ><div class='template-page content  av-content-small alpha units'><div class='post-entry post-entry-type-page post-entry-6085'><div class='entry-content-wrapper clearfix'>\n<section class=\"av_textblock_section \"  itemscope=\"itemscope\" itemtype=\"https:\/\/schema.org\/CreativeWork\" ><div class='avia_textblock  av_inherit_color '  style='color:#ffffff; '  itemprop=\"text\" ><h1 style=\"text-align: center;\">Reikia \u012fkaini\u0173 kitam ve\u017eimui?<\/h1>\n<p style=\"text-align: center !important;\">U\u017epildykite form\u0105 su visais savo duomenimis ir m\u016bs\u0173 specialistas susisieks su jumis kaip galima grei\u010diau, paprastai per 2 darbo dienas.<\/p>\n<\/div><\/section>\n<div  class='avia-button-wrap avia-button-center  avia-builder-el-10  el_after_av_textblock  avia-builder-el-last ' ><a href='https:\/\/www.transocean.lt\/lt\/kainos-uzklausa\/'  class='avia-button av-icon-on-hover avia-color-theme-color-subtle   avia-icon_select-yes-right-icon avia-size-x-large avia-position-center '   ><span class='avia_iconbox_title' >KAINOS U\u017dKLAUSA<\/span><span class='avia_button_icon avia_button_icon_right' aria-hidden='true' data-av_icon='\ue897' data-av_iconfont='entypo-fontello'><\/span><\/a><\/div>\n<\/div><\/div><\/div><!-- close content main div --><\/div><\/div><div id='after_section_2'  class='main_color av_default_container_wrap container_wrap sidebar_right' style=' '  ><div class='container' ><div class='template-page content  av-content-small alpha units'><div class='post-entry post-entry-type-page post-entry-6085'><div class='entry-content-wrapper clearfix'><\/p>\n","protected":false},"excerpt":{"rendered":"","protected":false},"author":1,"featured_media":0,"parent":6106,"menu_order":0,"comment_status":"closed","ping_status":"closed","template":"","meta":{"footnotes":""},"class_list":["post-6085","page","type-page","status-publish","hentry"],"_links":{"self":[{"href":"https:\/\/www.transocean.lt\/lt\/wp-json\/wp\/v2\/pages\/6085","targetHints":{"allow":["GET"]}}],"collection":[{"href":"https:\/\/www.transocean.lt\/lt\/wp-json\/wp\/v2\/pages"}],"about":[{"href":"https:\/\/www.transocean.lt\/lt\/wp-json\/wp\/v2\/types\/page"}],"author":[{"embeddable":true,"href":"https:\/\/www.transocean.lt\/lt\/wp-json\/wp\/v2\/users\/1"}],"replies":[{"embeddable":true,"href":"https:\/\/www.transocean.lt\/lt\/wp-json\/wp\/v2\/comments?post=6085"}],"version-history":[{"count":3,"href":"https:\/\/www.transocean.lt\/lt\/wp-json\/wp\/v2\/pages\/6085\/revisions"}],"predecessor-version":[{"id":7080,"href":"https:\/\/www.transocean.lt\/lt\/wp-json\/wp\/v2\/pages\/6085\/revisions\/7080"}],"up":[{"embeddable":true,"href":"https:\/\/www.transocean.lt\/lt\/wp-json\/wp\/v2\/pages\/6106"}],"wp:attachment":[{"href":"https:\/\/www.transocean.lt\/lt\/wp-json\/wp\/v2\/media?parent=6085"}],"curies":[{"name":"wp","href":"https:\/\/api.w.org\/{rel}","templated":true}]}}