{"id":6089,"date":"2018-03-31T16:15:15","date_gmt":"2018-03-31T16:15:15","guid":{"rendered":"http:\/\/www.transocean.lt\/new\/road-transport-services\/"},"modified":"2023-02-21T15:08:04","modified_gmt":"2023-02-21T15:08:04","slug":"keliu-transporto","status":"publish","type":"page","link":"https:\/\/www.transocean.lt\/lt\/paslaugu-aprasymas\/keliu-transporto\/","title":{"rendered":"Keli\u0173 transporto"},"content":{"rendered":"<div class=\"flex_column av_one_half  flex_column_div av-zero-column-padding first  avia-builder-el-0  el_before_av_one_half  avia-builder-el-first  \" style='border-radius:0px; '><section class=\"av_textblock_section \"  itemscope=\"itemscope\" itemtype=\"https:\/\/schema.org\/CreativeWork\" ><div class='avia_textblock  '   itemprop=\"text\" ><h1>Keli\u0173 transporto<\/h1>\n<p>Transocean provides road transport from\/to Western and Eastern Europe.<\/p>\n<ul>\n<li>Full loads (FTL \u2013 Full Truck Load).<\/li>\n<li>Consolidation and part loads (LTL \u2013 Less Truck Load).<\/li>\n<li>Transport of dangerous and temperature-controlled goods.<\/li>\n<li>Terminal services and temporary storage.<\/li>\n<li>Inspection of goods and survey service.<\/li>\n<li>Customs formalities.<\/li>\n<li>Transport insurance.<\/li>\n<\/ul>\n<\/div><\/section><br \/>\n<div  class='avia-button-wrap avia-button-left  avia-builder-el-2  el_after_av_textblock  el_before_av_button ' ><a href='mailto:mailto:transcoean@transcoean.lt'  class='avia-button av-icon-on-hover avia-color-theme-color   avia-icon_select-yes-left-icon avia-size-medium avia-position-left '   ><span class='avia_button_icon avia_button_icon_left ' aria-hidden='true' data-av_icon='\ue8b7' data-av_iconfont='entypo-fontello'><\/span><span class='avia_iconbox_title' >transcoean@transcoean.lt<\/span><\/a><\/div><br \/>\n<div  class='avia-button-wrap avia-button-right  avia-builder-el-3  el_after_av_button  avia-builder-el-last ' ><a href='call:+37046411100'  class='avia-button av-icon-on-hover avia-color-theme-color   avia-icon_select-yes-left-icon avia-size-medium avia-position-right '   ><span class='avia_button_icon avia_button_icon_left ' aria-hidden='true' data-av_icon='\ue854' data-av_iconfont='entypo-fontello'><\/span><span class='avia_iconbox_title' >+370 46 41 11 00<\/span><\/a><\/div><\/p><\/div><div class=\"flex_column av_one_half  flex_column_div av-zero-column-padding   avia-builder-el-4  el_after_av_one_half  el_before_av_section  avia-builder-el-last  \" style='border-radius:0px; '><div  class='avia-gallery  avia-gallery-1 avia_lazyload avia-gallery-animate avia_animate_when_visible  avia-builder-el-5  avia-builder-el-no-sibling '  itemprop=\"image\" itemscope=\"itemscope\" itemtype=\"https:\/\/schema.org\/ImageObject\" ><a class='avia-gallery-big fakeLightbox lightbox avia-gallery-big-crop-thumb ' href=\"https:\/\/www.transocean.lt\/wp-content\/uploads\/2018\/03\/roat-transport-services-2.jpg\" href=\"485\" href=\"380\" href=\"\" data-srcset=\"https:\/\/www.transocean.lt\/wp-content\/uploads\/2018\/03\/roat-transport-services-2.jpg 485w, https:\/\/www.transocean.lt\/wp-content\/uploads\/2018\/03\/roat-transport-services-2-300x235.jpg 300w\" data-sizes=\"(max-width: 485px) 100vw, 485px\"  data-onclick='1' title='roat-transport-services-2' ><span class='avia-gallery-big-inner'  itemprop=\"thumbnailUrl\" ><img decoding=\"async\" class=\"wp-image-6090 avia-img-lazy-loading-not-6090\"  width=\"485\" height=\"380\" src=\"https:\/\/www.transocean.lt\/wp-content\/uploads\/2018\/03\/roat-transport-services-2.jpg\" title='roat-transport-services-2' alt='' srcset=\"https:\/\/www.transocean.lt\/wp-content\/uploads\/2018\/03\/roat-transport-services-2.jpg 485w, https:\/\/www.transocean.lt\/wp-content\/uploads\/2018\/03\/roat-transport-services-2-300x235.jpg 300w\" sizes=\"(max-width: 485px) 100vw, 485px\" \/><\/span><\/a><div class='avia-gallery-thumb'> <a href=\"https:\/\/www.transocean.lt\/wp-content\/uploads\/2018\/03\/roat-transport-services-2.jpg\" href=\"485\" href=\"380\" href=\"\" data-srcset=\"https:\/\/www.transocean.lt\/wp-content\/uploads\/2018\/03\/roat-transport-services-2.jpg 485w, https:\/\/www.transocean.lt\/wp-content\/uploads\/2018\/03\/roat-transport-services-2-300x235.jpg 300w\" data-sizes=\"(max-width: 485px) 100vw, 485px\" data-rel='gallery-1' data-prev-img='https:\/\/www.transocean.lt\/wp-content\/uploads\/2018\/03\/roat-transport-services-2.jpg' class='first_thumb lightbox ' data-onclick='1' title='roat-transport-services-2'  itemprop=\"thumbnailUrl\"  ><img decoding=\"async\" class=\"wp-image-6090 avia-img-lazy-loading-not-6090\"   src=\"https:\/\/www.transocean.lt\/wp-content\/uploads\/2018\/03\/roat-transport-services-2.jpg\" width=\"485\" height=\"380\"  title='roat-transport-services-2' alt='' srcset=\"https:\/\/www.transocean.lt\/wp-content\/uploads\/2018\/03\/roat-transport-services-2.jpg 485w, https:\/\/www.transocean.lt\/wp-content\/uploads\/2018\/03\/roat-transport-services-2-300x235.jpg 300w\" sizes=\"(max-width: 485px) 100vw, 485px\" \/><\/a> <a href=\"https:\/\/www.transocean.lt\/wp-content\/uploads\/2018\/03\/roat-transport-services-1-1030x773.jpg\" href=\"1030\" href=\"773\" href=\"1\" data-srcset=\"https:\/\/www.transocean.lt\/wp-content\/uploads\/2018\/03\/roat-transport-services-1.jpg 1030w, https:\/\/www.transocean.lt\/wp-content\/uploads\/2018\/03\/roat-transport-services-1-300x225.jpg 300w, https:\/\/www.transocean.lt\/wp-content\/uploads\/2018\/03\/roat-transport-services-1-768x576.jpg 768w, https:\/\/www.transocean.lt\/wp-content\/uploads\/2018\/03\/roat-transport-services-1-705x529.jpg 705w\" data-sizes=\"(max-width: 1030px) 100vw, 1030px\" data-rel='gallery-1' data-prev-img='https:\/\/www.transocean.lt\/wp-content\/uploads\/2018\/03\/roat-transport-services-1.jpg' class='lightbox ' data-onclick='2' title='roat-transport-services-1'  itemprop=\"thumbnailUrl\"  ><img decoding=\"async\" class=\"wp-image-6192 avia-img-lazy-loading-not-6192\"   src=\"https:\/\/www.transocean.lt\/wp-content\/uploads\/2018\/03\/roat-transport-services-1-495x400.jpg\" width=\"495\" height=\"400\"  title='roat-transport-services-1' alt='' srcset=\"https:\/\/www.transocean.lt\/wp-content\/uploads\/2018\/03\/roat-transport-services-1-495x400.jpg 495w, https:\/\/www.transocean.lt\/wp-content\/uploads\/2018\/03\/roat-transport-services-1-845x684.jpg 845w\" sizes=\"(max-width: 495px) 100vw, 495px\" \/><\/a><\/div><\/div><\/div><\/p>\n<\/div><\/div><\/div><!-- close content main div --><\/div><\/div><div id='av_section_1'  class='avia-section main_color avia-section-large avia-no-shadow  avia-bg-style-scroll  avia-builder-el-6  el_after_av_one_half  avia-builder-el-last   container_wrap sidebar_right' style='background-color: #0c3b82;  '  ><div class='container' ><div class='template-page content  av-content-small alpha units'><div class='post-entry post-entry-type-page post-entry-6089'><div class='entry-content-wrapper clearfix'>\n<section class=\"av_textblock_section \"  itemscope=\"itemscope\" itemtype=\"https:\/\/schema.org\/CreativeWork\" ><div class='avia_textblock  av_inherit_color '  style='color:#ffffff; '  itemprop=\"text\" ><h1 style=\"text-align: center;\">Reikia \u012fkaini\u0173 kitam ve\u017eimui?<\/h1>\n<p style=\"text-align: center !important;\">U\u017epildykite form\u0105 su visais savo duomenimis ir m\u016bs\u0173 specialistas susisieks su jumis kaip galima grei\u010diau, paprastai per 2 darbo dienas.<\/p>\n<\/div><\/section>\n<div  class='avia-button-wrap avia-button-center  avia-builder-el-8  el_after_av_textblock  avia-builder-el-last ' ><a href='https:\/\/www.transocean.lt\/lt\/kainos-uzklausa\/'  class='avia-button av-icon-on-hover avia-color-theme-color-subtle   avia-icon_select-yes-right-icon avia-size-x-large avia-position-center '   ><span class='avia_iconbox_title' >KAINOS U\u017dKLAUSA<\/span><span class='avia_button_icon avia_button_icon_right' aria-hidden='true' data-av_icon='\ue897' data-av_iconfont='entypo-fontello'><\/span><\/a><\/div>\n<\/div><\/div><\/div><!-- close content main div --><\/div><\/div><div id='after_section_1'  class='main_color av_default_container_wrap container_wrap sidebar_right' style=' '  ><div class='container' ><div class='template-page content  av-content-small alpha units'><div class='post-entry post-entry-type-page post-entry-6089'><div class='entry-content-wrapper clearfix'>\n","protected":false},"excerpt":{"rendered":"","protected":false},"author":1,"featured_media":0,"parent":6106,"menu_order":0,"comment_status":"closed","ping_status":"closed","template":"","meta":{"footnotes":""},"class_list":["post-6089","page","type-page","status-publish","hentry"],"_links":{"self":[{"href":"https:\/\/www.transocean.lt\/lt\/wp-json\/wp\/v2\/pages\/6089","targetHints":{"allow":["GET"]}}],"collection":[{"href":"https:\/\/www.transocean.lt\/lt\/wp-json\/wp\/v2\/pages"}],"about":[{"href":"https:\/\/www.transocean.lt\/lt\/wp-json\/wp\/v2\/types\/page"}],"author":[{"embeddable":true,"href":"https:\/\/www.transocean.lt\/lt\/wp-json\/wp\/v2\/users\/1"}],"replies":[{"embeddable":true,"href":"https:\/\/www.transocean.lt\/lt\/wp-json\/wp\/v2\/comments?post=6089"}],"version-history":[{"count":3,"href":"https:\/\/www.transocean.lt\/lt\/wp-json\/wp\/v2\/pages\/6089\/revisions"}],"predecessor-version":[{"id":7083,"href":"https:\/\/www.transocean.lt\/lt\/wp-json\/wp\/v2\/pages\/6089\/revisions\/7083"}],"up":[{"embeddable":true,"href":"https:\/\/www.transocean.lt\/lt\/wp-json\/wp\/v2\/pages\/6106"}],"wp:attachment":[{"href":"https:\/\/www.transocean.lt\/lt\/wp-json\/wp\/v2\/media?parent=6089"}],"curies":[{"name":"wp","href":"https:\/\/api.w.org\/{rel}","templated":true}]}}