{"id":6099,"date":"2018-03-31T11:35:37","date_gmt":"2018-03-31T11:35:37","guid":{"rendered":"http:\/\/www.transocean.lt\/new\/about-us\/"},"modified":"2023-02-21T14:06:20","modified_gmt":"2023-02-21T14:06:20","slug":"apie-mus","status":"publish","type":"page","link":"https:\/\/www.transocean.lt\/lt\/apie-mus\/","title":{"rendered":"Apie mus"},"content":{"rendered":"<div class=\"flex_column av_two_third  flex_column_div av-zero-column-padding first  avia-builder-el-0  el_before_av_one_third  avia-builder-el-first  \" style='border-radius:0px; '><section class=\"av_textblock_section \"  itemscope=\"itemscope\" itemtype=\"https:\/\/schema.org\/CreativeWork\" ><div class='avia_textblock  '   itemprop=\"text\" ><h1>Apie mus<\/h1>\n<p>\u201eTransocean\u201d buvo \u012fkurta 1993 m. vasario 12 d. tam, kad aptarnaut\u0173 eksporto ir importo rinkas ne tik Estijoje, bet ir kaimynin\u0117se \u0161alyse \u2013 Latvijoje, Lietuvoje, bei NVS \u0161alyse. \u201eTransocean\u201c laim\u0117jo teis\u0119 atstovauti tarptautiniu mastu \u017einomas ir patikimas gelmin\u0117s laivybos linijas, \u201eAtlantic Container Line\u201c (ACL) ir \u201e Nippon Yusen Kaisha\u201c (NYK).<\/p>\n<p>\u201eTransocean\u201c gali pasi\u016blyti konkurencing\u0105 ir patikim\u0105 gabenim\u0105 j\u016bra \u012f daugel\u012f u\u017ej\u016brio teritorij\u0173, toki\u0173 kaip \u0160iaur\u0117s Amerikos rytin\u0117 ir vakarin\u0117 pakrant\u0117s, Pietry\u010di\u0173 Azija, Tolimieji Rytai ir daugel\u012f kit\u0173. \u201eTransocean\u201c taip pat turi biur\u0105 ir Latvijoje. Be to, \u201eTranocean\u201c teikia agentavimo paslaugas JAV karinio j\u016br\u0173 laivyno laivams, vizituojantiems Estijoje. Atstovaudama ACL ir NYK, \u201eTransocean\u201c gali tiekti klientams plataus asortimento RoRo tipo ir konteineri\u0173 transport\u0105. Si\u016blomas paslaugas skirstome \u012f tris grupes.<\/p>\n<h3>Kod\u0117l \u201eTransocean\u201c?<\/h3>\n<p>Klient\u0173 reikalavimai \u017eymiai i\u0161augo, o laivybos linij\u0173 si\u016blom\u0173 paslaug\u0173 kokyb\u0117 \u017eymiai pager\u0117jo. \u201eTransocean\u201c visada steng\u0117si atstovauti tas laivybos linijas, kuri\u0173 technika ir teikiamos paslaugos yra patikimos ir \u0161iuolaikin\u0117s, tod\u0117l klientams, tiek importuotojams tiek ir eksportuotojams, gali pasi\u016blyti auk\u0161\u010diausios kokyb\u0117s paslaugas.<\/p>\n<p>\u201eTransocean\u201c personalas yra labai patyr\u0119s ir kvalifikuotas. Sukauptos \u017einios yra nuolat tobulinamos teoriniuose ir praktiniuose mokymuose, kuriuos organizuoja pati \u012fmon\u0117 arba jos valdyba.<\/p>\n<\/div><\/section><\/div><div class=\"flex_column av_one_third  flex_column_div av-zero-column-padding   avia-builder-el-2  el_after_av_two_third  el_before_av_section  avia-builder-el-last  \" style='border-radius:0px; '><p><div  class='avia-image-container avia_animated_image avia_animate_when_almost_visible pop-up av-styling-no-styling av-hover-grow   avia-builder-el-3  el_before_av_textblock  avia-builder-el-first  avia-align-center '  itemprop=\"image\" itemscope=\"itemscope\" itemtype=\"https:\/\/schema.org\/ImageObject\"  ><div class='avia-image-container-inner'><div class='avia-image-overlay-wrap'><a href=\"https:\/\/goo.gl\/maps\/aifcLokokj32\" class='avia_image' target=\"_blank\" rel=\"noopener noreferrer\"><img decoding=\"async\" width=\"2420\" height=\"1553\" class='wp-image-7041 avia-img-lazy-loading-not-7041 avia_image' src=\"https:\/\/www.transocean.lt\/wp-content\/uploads\/2023\/02\/transocean-lt-office-view.jpg\" alt='' title='transocean-lt-office-view'  itemprop=\"thumbnailUrl\" srcset=\"https:\/\/www.transocean.lt\/wp-content\/uploads\/2023\/02\/transocean-lt-office-view.jpg 2420w, https:\/\/www.transocean.lt\/wp-content\/uploads\/2023\/02\/transocean-lt-office-view-300x193.jpg 300w, https:\/\/www.transocean.lt\/wp-content\/uploads\/2023\/02\/transocean-lt-office-view-1030x661.jpg 1030w, https:\/\/www.transocean.lt\/wp-content\/uploads\/2023\/02\/transocean-lt-office-view-768x493.jpg 768w, https:\/\/www.transocean.lt\/wp-content\/uploads\/2023\/02\/transocean-lt-office-view-1536x986.jpg 1536w, https:\/\/www.transocean.lt\/wp-content\/uploads\/2023\/02\/transocean-lt-office-view-2048x1314.jpg 2048w, https:\/\/www.transocean.lt\/wp-content\/uploads\/2023\/02\/transocean-lt-office-view-1500x963.jpg 1500w, https:\/\/www.transocean.lt\/wp-content\/uploads\/2023\/02\/transocean-lt-office-view-705x452.jpg 705w\" sizes=\"(max-width: 2420px) 100vw, 2420px\" \/><\/a><\/div><\/div><\/div><br \/>\n<section class=\"av_textblock_section \"  itemscope=\"itemscope\" itemtype=\"https:\/\/schema.org\/CreativeWork\" ><div class='avia_textblock  '   itemprop=\"text\" ><p><a href=\"https:\/\/goo.gl\/maps\/MYESJbR5Kk5p3FXa7\" target=\"_blank\" rel=\"noopener\">GATV\u0116S VAIZDAS<\/a> | <a href=\"https:\/\/goo.gl\/maps\/iXLkPe1xWLcytyS77\">DIDELIS VAIZDAS<\/a><\/p>\n<\/div><\/section><br \/>\n<section class=\"av_textblock_section \"  itemscope=\"itemscope\" itemtype=\"https:\/\/schema.org\/CreativeWork\" ><div class='avia_textblock  '   itemprop=\"text\" ><p><strong>Transocean Lietuva UAB<\/strong><br \/>\nK. Donelai\u010dio g. 19A<br \/>\n92141 Klaip\u0117da, Lietuva<br \/>\n<a href=\"mailto:transocean@transocean.lt\">transocean@transocean.lt<\/a><br \/>\nTel: +370 46 41 11 00<\/p>\n<\/div><\/section><\/p><\/div><\/div><\/div><\/div><!-- close content main div --><\/div><\/div><div id='av_section_1'  class='avia-section main_color avia-section-large avia-no-shadow  avia-bg-style-scroll  avia-builder-el-6  el_after_av_one_third  el_before_av_section   container_wrap sidebar_right' style='background-color: #f5f5f5;  '  ><div class='container' ><div class='template-page content  av-content-small alpha units'><div class='post-entry post-entry-type-page post-entry-6099'><div class='entry-content-wrapper clearfix'>\n<div class='flex_column_table av-equal-height-column-flextable -flextable' ><div class=\"flex_column av_one_half  av-animated-generic bottom-to-top  flex_column_table_cell av-equal-height-column av-align-top first  avia-builder-el-7  el_before_av_one_half  avia-builder-el-first  \" style='border-width:1px; border-color:#e1e1e1; border-style:solid; padding:14px; background-color:#f7f7f7; border-radius:0px; '><section class=\"av_textblock_section \"  itemscope=\"itemscope\" itemtype=\"https:\/\/schema.org\/CreativeWork\" ><div class='avia_textblock  '   itemprop=\"text\" ><h3>Vizija<\/h3>\n<p>To be the first choice of customers for container shipping and logistics services in Baltic Region.<\/p>\n<\/div><\/section><\/div><div class='av-flex-placeholder'><\/div><div class=\"flex_column av_one_half  av-animated-generic top-to-bottom  flex_column_table_cell av-equal-height-column av-align-top   avia-builder-el-9  el_after_av_one_half  avia-builder-el-last  \" style='border-width:1px; border-color:#e1e1e1; border-style:solid; padding:14px; background-color:#f7f7f7; border-radius:0px; '><section class=\"av_textblock_section \"  itemscope=\"itemscope\" itemtype=\"https:\/\/schema.org\/CreativeWork\" ><div class='avia_textblock  '   itemprop=\"text\" ><h3>Misija<\/h3>\n<p>To provide reliable and quality logistics service in global shipping market.<\/p>\n<\/div><\/section><\/div><\/div><!--close column table wrapper. Autoclose: 1 -->\n<\/p>\n<\/div><\/div><\/div><!-- close content main div --><\/div><\/div><div id='av_section_2'  class='avia-section main_color avia-section-large avia-no-shadow  avia-full-stretch av-parallax-section av-section-color-overlay-active avia-bg-style-parallax  avia-builder-el-11  el_after_av_section  el_before_av_section   container_wrap sidebar_right' style=' '  data-section-bg-repeat='stretch'><div class='av-parallax' data-avia-parallax-ratio='0.3' ><div class='av-parallax-inner main_color  avia-full-stretch' style = 'background-repeat: no-repeat; background-image: url(https:\/\/www.transocean.lt\/wp-content\/uploads\/2018\/03\/transocean-world-wide-logistics.jpg);background-attachment: scroll; background-position: center center; ' ><\/div><\/div><div class='av-section-color-overlay-wrap'><div class='av-section-color-overlay' style='opacity: 0.5; background-color: #0a0a0a; '><\/div><div class='container' ><div class='template-page content  av-content-small alpha units'><div class='post-entry post-entry-type-page post-entry-6099'><div class='entry-content-wrapper clearfix'>\n<div class=\"flex_column av_one_half  flex_column_div av-zero-column-padding first  avia-builder-el-12  el_before_av_one_half  avia-builder-el-first  \" style='border-radius:0px; '><section class=\"av_textblock_section \"  itemscope=\"itemscope\" itemtype=\"https:\/\/schema.org\/CreativeWork\" ><div class='avia_textblock  av_inherit_color '  style='color:#ffffff; '  itemprop=\"text\" ><h1>Organizacin\u0117 naryst\u0117<\/h1>\n<p><a href=\"http:\/\/www.atlas-network.com\/launch.cfm\">Atlas International Network<\/a><br \/>\n<a href=\"http:\/\/wcaworld.com\/eng\/home.asp\">WCA Network<\/a><br \/>\n<a href=\"http:\/\/www.wcaprojects.com\/eng\/home.asp\">WCA Projects Network<\/a><br \/>\n<a href=\"http:\/\/www.ffnetwork.info\/\">FFN Freight Forwarder Network<\/a><br \/>\n<a href=\"http:\/\/www.jctrans.net\/\">JCtrans<\/a><br \/>\n<a href=\"https:\/\/www.pl-alliance.com\/\" target=\"_blank\" rel=\"noopener\">Project Logistics Alliance<\/a><\/p>\n<\/div><\/section><\/div><div class=\"flex_column av_one_half  flex_column_div av-zero-column-padding   avia-builder-el-14  el_after_av_one_half  avia-builder-el-last  \" style='border-radius:0px; '><div   data-autoplay='false'  data-interval='5'  data-animation='slide'  class='avia-logo-element-container av-border-deactivate avia-logo-grid avia-content-slider avia-smallarrow-slider avia-content-grid-active noHover avia-content-slider1 avia-content-slider-even  avia-builder-el-15  avia-builder-el-no-sibling  ' ><div class='avia-smallarrow-slider-heading  no-logo-slider-navigation  no-logo-slider-heading '><\/div><div class='avia-content-slider-inner'><div class='slide-entry-wrap' ><div  class='slide-entry flex_column no_margin post-entry slide-entry-overview slide-loop-1 slide-parity-odd  av_one_half first real-thumbnail'><span class='av-partner-fake-img' style='padding-bottom:26%; background-image:url(https:\/\/www.transocean.lt\/wp-content\/uploads\/2018\/04\/wca-logistics-1.jpg);'><\/span><\/div><div  class='slide-entry flex_column no_margin post-entry slide-entry-overview slide-loop-2 slide-parity-even  av_one_half  real-thumbnail'><span class='av-partner-fake-img' style='padding-bottom:26%; background-image:url(https:\/\/www.transocean.lt\/wp-content\/uploads\/2018\/04\/estonian-chamber-of-commerce-in-lt-1.jpg);'><\/span><\/div><\/div><div class='slide-entry-wrap' ><div  class='slide-entry flex_column no_margin post-entry slide-entry-overview slide-loop-3 slide-parity-odd  av_one_half first real-thumbnail'><span class='av-partner-fake-img' style='padding-bottom:26%; background-image:url(https:\/\/www.transocean.lt\/wp-content\/uploads\/2018\/03\/atlas-international-network.jpg);'><\/span><\/div><div  class='slide-entry flex_column no_margin post-entry slide-entry-overview slide-loop-4 slide-parity-even  av_one_half  real-thumbnail'><span class='av-partner-fake-img' style='padding-bottom:26%; background-image:url(https:\/\/www.transocean.lt\/wp-content\/uploads\/2018\/03\/ffnetwork.jpg);'><\/span><\/div><\/div><div class='slide-entry-wrap' ><div  class='slide-entry flex_column no_margin post-entry slide-entry-overview slide-loop-5 slide-parity-odd  av_one_half first real-thumbnail'><span class='av-partner-fake-img' style='padding-bottom:26%; background-image:url(https:\/\/www.transocean.lt\/wp-content\/uploads\/2018\/03\/wca-projects-network.jpg);'><\/span><\/div><div  class='slide-entry flex_column no_margin post-entry slide-entry-overview slide-loop-6 slide-parity-even  av_one_half  real-thumbnail'><span class='av-partner-fake-img' style='padding-bottom:26%; background-image:url(https:\/\/www.transocean.lt\/wp-content\/uploads\/2018\/03\/wca-projects.jpg);'><\/span><\/div><\/div><div class='slide-entry-wrap' ><div  class='slide-entry flex_column no_margin post-entry slide-entry-overview slide-loop-7 slide-parity-odd  av_one_half first real-thumbnail'><span class='av-partner-fake-img' style='padding-bottom:26%; background-image:url(https:\/\/www.transocean.lt\/wp-content\/uploads\/2018\/03\/jctrans-organization.jpg);'><\/span><\/div><div  class='slide-entry flex_column no_margin post-entry slide-entry-overview slide-loop-8 slide-parity-even  post-entry-last  av_one_half  real-thumbnail'><a href=\"https:\/\/www.pl-alliance.com\/\" data-rel='slide-1' class='slide-image' title='' target=\"_blank\" rel=\"noopener noreferrer\"><span class='av-partner-fake-img' style='padding-bottom:26%; background-image:url(https:\/\/www.transocean.lt\/wp-content\/uploads\/2019\/10\/project-logistics-alliance.jpg);'><\/span><\/a><\/div><\/div><\/div><\/div><\/div>\n\n<\/div><\/div><\/div><!-- close content main div --><\/div><\/div><\/div><div id='av_section_3'  class='avia-section main_color avia-section-large avia-no-shadow  avia-bg-style-scroll  avia-builder-el-16  el_after_av_section  avia-builder-el-last   container_wrap sidebar_right' style='background-color: #f5f5f5;  '  ><div class='container' ><div class='template-page content  av-content-small alpha units'><div class='post-entry post-entry-type-page post-entry-6099'><div class='entry-content-wrapper clearfix'>\n<section class=\"av_textblock_section \"  itemscope=\"itemscope\" itemtype=\"https:\/\/schema.org\/CreativeWork\" ><div class='avia_textblock  '   itemprop=\"text\" ><h1 style=\"text-align: center;\">Atstovaujamos linijos<\/h1>\n<p style=\"text-align: center !important;\">Mes atstovaujame \u0161ias laivybos linijas Baltijos \u0161alyse.<\/p>\n<\/div><\/section>\n<div   data-autoplay='false'  data-interval='5'  data-animation='slide'  class='avia-logo-element-container av-border-deactivate avia-logo-slider avia-content-slider avia-smallarrow-slider avia-content-slider-active noHover avia-content-slider2 avia-content-slider-odd  avia-builder-el-18  el_after_av_textblock  avia-builder-el-last  ' ><div class='avia-smallarrow-slider-heading  no-logo-slider-navigation  no-logo-slider-heading '><\/div><div class='avia-content-slider-inner'><div class='slide-entry-wrap' ><div  class='slide-entry flex_column no_margin post-entry slide-entry-overview slide-loop-1 slide-parity-odd  av_one_fifth first real-thumbnail'><span class='av-partner-fake-img' style='padding-bottom:50%; background-image:url(https:\/\/www.transocean.lt\/wp-content\/uploads\/2018\/03\/one-logo.jpg);'><\/span><\/div><div  class='slide-entry flex_column no_margin post-entry slide-entry-overview slide-loop-2 slide-parity-even  av_one_fifth  real-thumbnail'><span class='av-partner-fake-img' style='padding-bottom:50%; background-image:url(https:\/\/www.transocean.lt\/wp-content\/uploads\/2018\/03\/atlantic-cargo-line-logo.jpg);'><\/span><\/div><div  class='slide-entry flex_column no_margin post-entry slide-entry-overview slide-loop-3 slide-parity-odd  post-entry-last  av_one_fifth  real-thumbnail'><span class='av-partner-fake-img' style='padding-bottom:50%; background-image:url(https:\/\/www.transocean.lt\/wp-content\/uploads\/2018\/03\/yusen-logistics-logo.jpg);'><\/span><\/div><\/div><\/div><\/div>\n<\/div><\/div><\/div><!-- close content main div --><\/div><\/div><div id='after_section_3'  class='main_color av_default_container_wrap container_wrap sidebar_right' style=' '  ><div class='container' ><div class='template-page content  av-content-small alpha units'><div class='post-entry post-entry-type-page post-entry-6099'><div class='entry-content-wrapper clearfix'>\n","protected":false},"excerpt":{"rendered":"","protected":false},"author":1,"featured_media":0,"parent":0,"menu_order":0,"comment_status":"closed","ping_status":"closed","template":"","meta":{"footnotes":""},"class_list":["post-6099","page","type-page","status-publish","hentry"],"_links":{"self":[{"href":"https:\/\/www.transocean.lt\/lt\/wp-json\/wp\/v2\/pages\/6099","targetHints":{"allow":["GET"]}}],"collection":[{"href":"https:\/\/www.transocean.lt\/lt\/wp-json\/wp\/v2\/pages"}],"about":[{"href":"https:\/\/www.transocean.lt\/lt\/wp-json\/wp\/v2\/types\/page"}],"author":[{"embeddable":true,"href":"https:\/\/www.transocean.lt\/lt\/wp-json\/wp\/v2\/users\/1"}],"replies":[{"embeddable":true,"href":"https:\/\/www.transocean.lt\/lt\/wp-json\/wp\/v2\/comments?post=6099"}],"version-history":[{"count":10,"href":"https:\/\/www.transocean.lt\/lt\/wp-json\/wp\/v2\/pages\/6099\/revisions"}],"predecessor-version":[{"id":7065,"href":"https:\/\/www.transocean.lt\/lt\/wp-json\/wp\/v2\/pages\/6099\/revisions\/7065"}],"wp:attachment":[{"href":"https:\/\/www.transocean.lt\/lt\/wp-json\/wp\/v2\/media?parent=6099"}],"curies":[{"name":"wp","href":"https:\/\/api.w.org\/{rel}","templated":true}]}}