{"id":6101,"date":"2018-03-31T16:31:22","date_gmt":"2018-03-31T16:31:22","guid":{"rendered":"http:\/\/www.transocean.lt\/new\/contacts-offices\/"},"modified":"2026-01-09T07:12:21","modified_gmt":"2026-01-09T07:12:21","slug":"kontaktai-ir-biurai","status":"publish","type":"page","link":"https:\/\/www.transocean.lt\/lt\/kontaktai-ir-biurai\/","title":{"rendered":"Kontaktai ir biurai"},"content":{"rendered":"<div  class='av_gmaps_sc_main_wrap av_gmaps_main_wrap '><div id='av_gmap_0' class='avia-google-map-container avia-google-map-sc av_gmaps_show_unconditionally av-no-fallback-img ' data-mapid='av_gmap_0'  style='height: 450px;'><a class=\"av_gmaps_browser_disabled av_text_confirm_link av_text_confirm_link_visible\" href=\"https:\/\/www.google.com\/maps\/search\/?api=1&#038;query=K.%20Donelai\u010dio%20g.%2019A%2092141%20Klaipeda%20%20Lithuania\" target=\"_blank\" rel=\"noopener\">Maps were disabled by the visitor on this site. Click to open the map in a new window.<\/a><\/div><\/div>\n<div id='av_section_1'  class='avia-section main_color avia-section-large avia-no-border-styling  avia-bg-style-scroll  avia-builder-el-1  el_after_av_google_map  el_before_av_section   container_wrap sidebar_right' style='background-color: #ffffff;  '  ><div class='container' ><div class='template-page content  av-content-small alpha units'><div class='post-entry post-entry-type-page post-entry-6101'><div class='entry-content-wrapper clearfix'>\n<div class=\"flex_column av_one_half  flex_column_div av-zero-column-padding first  avia-builder-el-2  el_before_av_one_half  avia-builder-el-first  \" style='border-radius:0px; '><section class=\"av_textblock_section \"  itemscope=\"itemscope\" itemtype=\"https:\/\/schema.org\/CreativeWork\" ><div class='avia_textblock  '   itemprop=\"text\" ><h1>Transocean Lietuva UAB<\/h1>\n<p>U\u017epildykite \u017eemiau esan\u010di\u0105 form\u0105 ir mes kuo grei\u010diau sugr\u012f\u0161ime<\/p>\n<\/div><\/section><br \/>\n<form action=\"https:\/\/www.transocean.lt\/lt\/kontaktai-ir-biurai\/\" method=\"post\"  class=\"avia_ajax_form av-form-labels-visible   avia-builder-el-4  el_after_av_textblock  avia-builder-el-last   \" data-avia-form-id=\"1\" data-avia-redirect='' ><fieldset><p class='  first_form  form_element form_element_half' id='element_avia_1_1'><label for=\"avia_1_1\">Pirmas vardas <abbr class=\"required\" title=\"required\">*<\/abbr><\/label> <input name=\"avia_1_1\" class=\"text_input is_empty\" type=\"text\" id=\"avia_1_1\" value=\"\" \/><\/p><p class='  form_element form_element_half' id='element_avia_2_1'><label for=\"avia_2_1\">Pavard\u0117 <abbr class=\"required\" title=\"required\">*<\/abbr><\/label> <input name=\"avia_2_1\" class=\"text_input is_empty\" type=\"text\" id=\"avia_2_1\" value=\"\" \/><\/p><p class='  first_form  form_element form_element_half' id='element_avia_3_1'><label for=\"avia_3_1\">El. Pa\u0161tas <abbr class=\"required\" title=\"required\">*<\/abbr><\/label> <input name=\"avia_3_1\" class=\"text_input is_email\" type=\"text\" id=\"avia_3_1\" value=\"\" \/><\/p><p class='  form_element form_element_half' id='element_avia_4_1'><label for=\"avia_4_1\">Bendrov\u0117 <abbr class=\"required\" title=\"required\">*<\/abbr><\/label> <input name=\"avia_4_1\" class=\"text_input is_empty\" type=\"text\" id=\"avia_4_1\" value=\"\" \/><\/p><p class='  first_form  form_element form_fullwidth av-last-visible-form-element' id='element_avia_5_1'><label for=\"avia_5_1\" class=\"textare_label hidden textare_label_avia_5_1\">Prane\u0161imas <abbr class=\"required\" title=\"required\">*<\/abbr><\/label><textarea  name=\"avia_5_1\" class=\"text_area is_empty\" cols=\"40\" rows=\"7\" id=\"avia_5_1\" ><\/textarea><\/p><p class=\"hidden\"><input type=\"text\" name=\"avia_6_1\" class=\"hidden \" id=\"avia_6_1\" value=\"\" \/><\/p><p class=\"form_element \"><input type=\"hidden\" value=\"1\" name=\"avia_generated_form1\" \/><input type=\"submit\" value=\"SI\u0172STI \u017dINUT\u0118\" class=\"button\"  data-sending-label=\"Sending\"\/><\/p><\/fieldset><\/form><div id=\"ajaxresponse_1\" class=\"ajaxresponse ajaxresponse_1 hidden\"><\/div><\/p><\/div><div class=\"flex_column av_one_half  flex_column_div av-zero-column-padding   avia-builder-el-5  el_after_av_one_half  avia-builder-el-last  \" style='border-radius:0px; '><p><div  class='avia-image-container avia_animated_image avia_animate_when_almost_visible pop-up av-styling-no-styling av-hover-grow   avia-builder-el-6  el_before_av_textblock  avia-builder-el-first  avia-align-center '  itemprop=\"image\" itemscope=\"itemscope\" itemtype=\"https:\/\/schema.org\/ImageObject\"  ><div class='avia-image-container-inner'><div class='avia-image-overlay-wrap'><a href=\"https:\/\/goo.gl\/maps\/aifcLokokj32\" class='avia_image' target=\"_blank\" rel=\"noopener noreferrer\"><img decoding=\"async\" width=\"2420\" height=\"1553\" class='wp-image-7041 avia-img-lazy-loading-not-7041 avia_image' src=\"https:\/\/www.transocean.lt\/wp-content\/uploads\/2023\/02\/transocean-lt-office-view.jpg\" alt='' title='transocean-lt-office-view'  itemprop=\"thumbnailUrl\" srcset=\"https:\/\/www.transocean.lt\/wp-content\/uploads\/2023\/02\/transocean-lt-office-view.jpg 2420w, https:\/\/www.transocean.lt\/wp-content\/uploads\/2023\/02\/transocean-lt-office-view-300x193.jpg 300w, https:\/\/www.transocean.lt\/wp-content\/uploads\/2023\/02\/transocean-lt-office-view-1030x661.jpg 1030w, https:\/\/www.transocean.lt\/wp-content\/uploads\/2023\/02\/transocean-lt-office-view-768x493.jpg 768w, https:\/\/www.transocean.lt\/wp-content\/uploads\/2023\/02\/transocean-lt-office-view-1536x986.jpg 1536w, https:\/\/www.transocean.lt\/wp-content\/uploads\/2023\/02\/transocean-lt-office-view-2048x1314.jpg 2048w, https:\/\/www.transocean.lt\/wp-content\/uploads\/2023\/02\/transocean-lt-office-view-1500x963.jpg 1500w, https:\/\/www.transocean.lt\/wp-content\/uploads\/2023\/02\/transocean-lt-office-view-705x452.jpg 705w\" sizes=\"(max-width: 2420px) 100vw, 2420px\" \/><\/a><\/div><\/div><\/div><br \/>\n<section class=\"av_textblock_section \"  itemscope=\"itemscope\" itemtype=\"https:\/\/schema.org\/CreativeWork\" ><div class='avia_textblock  '   itemprop=\"text\" ><p><a href=\"https:\/\/goo.gl\/maps\/MYESJbR5Kk5p3FXa7\" target=\"_blank\" rel=\"noopener\">GATV\u0116S VAIZDAS<\/a> | <a href=\"https:\/\/goo.gl\/maps\/iXLkPe1xWLcytyS77\">DIDELIS VAIZDAS<\/a><\/p>\n<\/div><\/section><br \/>\n<section class=\"av_textblock_section \"  itemscope=\"itemscope\" itemtype=\"https:\/\/schema.org\/CreativeWork\" ><div class='avia_textblock  '   itemprop=\"text\" ><p><strong>Transocean Lietuva UAB<\/strong><br \/>\nK. Donelai\u010dio g. 19A<br \/>\n92141 Klaip\u0117da, Lietuva<br \/>\n<a href=\"mailto:transocean@transocean.lt\">transocean@transocean.lt<\/a><br \/>\nTel: +370 46 41 11 00<\/p>\n<\/div><\/section><\/p><\/div>\n\n<\/div><\/div><\/div><!-- close content main div --><\/div><\/div><div id='av_section_2'  class='avia-section main_color avia-section-large avia-no-shadow  avia-bg-style-scroll  avia-builder-el-9  el_after_av_section  avia-builder-el-last   container_wrap sidebar_right' style='background-color: #0c3b83;  '  ><div class='container' ><div class='template-page content  av-content-small alpha units'><div class='post-entry post-entry-type-page post-entry-6101'><div class='entry-content-wrapper clearfix'>\n<div class='flex_column_table av-equal-height-column-flextable -flextable' ><div class=\"flex_column av_one_half  av-animated-generic bottom-to-top  flex_column_table_cell av-equal-height-column av-align-top first  avia-builder-el-10  el_before_av_one_half  avia-builder-el-first  \" style='background: #ffffff; padding:24px; background-color:#ffffff; border-radius:0px; '><section class=\"av_textblock_section \"  itemscope=\"itemscope\" itemtype=\"https:\/\/schema.org\/CreativeWork\" ><div class='avia_textblock  av_inherit_color '   itemprop=\"text\" ><h3>ESTIJA<\/h3>\n<p>Transocean Eesti O\u00dc<br \/>\nRotermanni 14, 10111, Talinas<br \/>\nTel: +372 6116 001<br \/>\ntransocean@transocean.ee<br \/>\nwww.transocean.ee<\/p>\n<\/div><\/section><\/div><div class='av-flex-placeholder'><\/div><div class=\"flex_column av_one_half  av-animated-generic bottom-to-top  flex_column_table_cell av-equal-height-column av-align-top   avia-builder-el-12  el_after_av_one_half  avia-builder-el-last  \" style='background: #ffffff; padding:24px; background-color:#ffffff; border-radius:0px; '><section class=\"av_textblock_section \"  itemscope=\"itemscope\" itemtype=\"https:\/\/schema.org\/CreativeWork\" ><div class='avia_textblock  '   itemprop=\"text\" ><h3>LATVIJA<\/h3>\n<p>SIA Transocean Latvia<br \/>\nDuntes 23a, LV-1005 Ryga<br \/>\nTel: +371 738 1522<br \/>\ntransocean@transocean.lv<br \/>\nwww.transocean.lv<\/p>\n<\/div><\/section><\/div><\/div><!--close column table wrapper. Autoclose: 1 --><\/div><\/div><\/div><!-- close content main div --><\/div><\/div><div id='after_section_2'  class='main_color av_default_container_wrap container_wrap sidebar_right' style=' '  ><div class='container' ><div class='template-page content  av-content-small alpha units'><div class='post-entry post-entry-type-page post-entry-6101'><div class='entry-content-wrapper clearfix'>\n","protected":false},"excerpt":{"rendered":"","protected":false},"author":1,"featured_media":0,"parent":0,"menu_order":0,"comment_status":"closed","ping_status":"closed","template":"","meta":{"footnotes":""},"class_list":["post-6101","page","type-page","status-publish","hentry"],"_links":{"self":[{"href":"https:\/\/www.transocean.lt\/lt\/wp-json\/wp\/v2\/pages\/6101","targetHints":{"allow":["GET"]}}],"collection":[{"href":"https:\/\/www.transocean.lt\/lt\/wp-json\/wp\/v2\/pages"}],"about":[{"href":"https:\/\/www.transocean.lt\/lt\/wp-json\/wp\/v2\/types\/page"}],"author":[{"embeddable":true,"href":"https:\/\/www.transocean.lt\/lt\/wp-json\/wp\/v2\/users\/1"}],"replies":[{"embeddable":true,"href":"https:\/\/www.transocean.lt\/lt\/wp-json\/wp\/v2\/comments?post=6101"}],"version-history":[{"count":8,"href":"https:\/\/www.transocean.lt\/lt\/wp-json\/wp\/v2\/pages\/6101\/revisions"}],"predecessor-version":[{"id":7129,"href":"https:\/\/www.transocean.lt\/lt\/wp-json\/wp\/v2\/pages\/6101\/revisions\/7129"}],"wp:attachment":[{"href":"https:\/\/www.transocean.lt\/lt\/wp-json\/wp\/v2\/media?parent=6101"}],"curies":[{"name":"wp","href":"https:\/\/api.w.org\/{rel}","templated":true}]}}