{"id":6105,"date":"2018-03-31T16:52:59","date_gmt":"2018-03-31T16:52:59","guid":{"rendered":"http:\/\/www.transocean.lt\/new\/rate-request\/"},"modified":"2023-02-21T14:08:07","modified_gmt":"2023-02-21T14:08:07","slug":"kainos-uzklausa","status":"publish","type":"page","link":"https:\/\/www.transocean.lt\/lt\/kainos-uzklausa\/","title":{"rendered":"Kainos u\u017eklausa"},"content":{"rendered":"<div class=\"flex_column av_two_third  flex_column_div av-zero-column-padding first  avia-builder-el-0  el_before_av_one_third  avia-builder-el-first  \" style='border-radius:0px; '><section class=\"av_textblock_section \"  itemscope=\"itemscope\" itemtype=\"https:\/\/schema.org\/CreativeWork\" ><div class='avia_textblock  '   itemprop=\"text\" ><h1>Kainos u\u017eklausa<\/h1>\n<p>U\u017epildykite \u0161i\u0105 trump\u0105 form\u0105 ir m\u016bs\u0173 specialistai susisieks su Jumis kaip \u012fmanoma grei\u010diau, paprastai per 2 darbo dienas. Pra\u0161ome u\u017epildyti visus privalomus laukus, pa\u017eym\u0117tus (*)<\/p>\n<\/div><\/section><br \/>\n<form action=\"https:\/\/www.transocean.lt\/lt\/kainos-uzklausa\/\" method=\"post\"  class=\"avia_ajax_form av-form-labels-visible   avia-builder-el-2  el_after_av_textblock  avia-builder-el-last   \" data-avia-form-id=\"1\" data-avia-redirect='' ><fieldset><p class='  first_form  form_element form_element_half' id='element_avia_1_1'><label for=\"avia_1_1\">Vardas, pavard\u0117 <abbr class=\"required\" title=\"required\">*<\/abbr><\/label> <input name=\"avia_1_1\" class=\"text_input is_empty\" type=\"text\" id=\"avia_1_1\" value=\"\" \/><\/p><p class='  form_element form_element_half' id='element_avia_2_1'><label for=\"avia_2_1\">\u012emon\u0117s pavadinimas <abbr class=\"required\" title=\"required\">*<\/abbr><\/label> <input name=\"avia_2_1\" class=\"text_input is_empty\" type=\"text\" id=\"avia_2_1\" value=\"\" \/><\/p><p class='  first_form  form_element form_element_half' id='element_avia_3_1'><label for=\"avia_3_1\">Adresas<\/label> <input name=\"avia_3_1\" class=\"text_input \" type=\"text\" id=\"avia_3_1\" value=\"\" \/><\/p><p class='  form_element form_element_half' id='element_avia_4_1'><label for=\"avia_4_1\">Telefonas <abbr class=\"required\" title=\"required\">*<\/abbr><\/label> <input name=\"avia_4_1\" class=\"text_input is_empty\" type=\"text\" id=\"avia_4_1\" value=\"\" \/><\/p><p class='  first_form  form_element form_element_half' id='element_avia_5_1'><label for=\"avia_5_1\">Faksas<\/label> <input name=\"avia_5_1\" class=\"text_input \" type=\"text\" id=\"avia_5_1\" value=\"\" \/><\/p><p class='  form_element form_element_half' id='element_avia_6_1'><label for=\"avia_6_1\">El. pa\u0161tas <abbr class=\"required\" title=\"required\">*<\/abbr><\/label> <input name=\"avia_6_1\" class=\"text_input is_email\" type=\"text\" id=\"avia_6_1\" value=\"\" \/><\/p><p class='  first_form  form_element form_element_half' id='element_avia_7_1'><label for=\"avia_7_1\">Atsi\u0117mimo vieta (miestas ir vieta) <abbr class=\"required\" title=\"required\">*<\/abbr><\/label> <input name=\"avia_7_1\" class=\"text_input is_empty\" type=\"text\" id=\"avia_7_1\" value=\"\" \/><\/p><p class='  form_element form_element_half' id='element_avia_8_1'><label for=\"avia_8_1\">Galutin\u0117 paskirties vieta (miestas ir vieta) <abbr class=\"required\" title=\"required\">*<\/abbr><\/label> <input name=\"avia_8_1\" class=\"text_input is_empty\" type=\"text\" id=\"avia_8_1\" value=\"\" \/><\/p><p class='  first_form  form_element form_element_half' id='element_avia_9_1'><label for=\"avia_9_1\">Prek\u0117s pavadinimas <abbr class=\"required\" title=\"required\">*<\/abbr><\/label> <input name=\"avia_9_1\" class=\"text_input is_empty\" type=\"text\" id=\"avia_9_1\" value=\"\" \/><\/p><p class=' form_element form_element_half' id='element_avia_10_1'><label for=\"avia_10_1\">Pakrovimo data <abbr class=\"required\" title=\"required\">*<\/abbr><\/label> <input name=\"avia_10_1\" class=\"avia_datepicker text_input is_empty\" type=\"text\" id=\"avia_10_1\" value=\"\" placeholder=\"DD \/ MM \/ YY\" \/><\/p><p class='  first_form  form_element form_fullwidth' id='element_avia_11_1'><label for=\"avia_11_1\" class=\"textare_label hidden textare_label_avia_11_1\">Kainos id\u0117ja\/ komentarai<\/label><textarea  name=\"avia_11_1\" class=\"text_area \" cols=\"40\" rows=\"7\" id=\"avia_11_1\" ><\/textarea><\/p><p class=\"hidden\"><input type=\"text\" name=\"avia_12_1\" class=\"hidden \" id=\"avia_12_1\" value=\"\" \/><\/p><p class='   form_element form_fullwidth' id='element_avia_13_1'><span class='value_verifier_label'>3 + 5 = ?<\/span><input name=\"avia_13_1_verifier\" type=\"hidden\" id=\"avia_13_1_verifier\" value=\"516367858\"\/><label for=\"avia_13_1\">Pabandykite \u012frodyti, kad esate \u017emogus sprend\u017eiant lygt\u012f <abbr class=\"required\" title=\"required\">*<\/abbr><\/label><input name=\"avia_13_1\" class=\"text_input captcha\" type=\"text\" id=\"avia_13_1\" value=\"\"\/><\/p><p class=\"form_element \"><input type=\"hidden\" value=\"1\" name=\"avia_generated_form1\" \/><input type=\"submit\" value=\"SI\u0172STI U\u017dKLAUS\u0104\" class=\"button\"  data-sending-label=\"Sending\"\/><\/p><\/fieldset><\/form><div id=\"ajaxresponse_1\" class=\"ajaxresponse ajaxresponse_1 hidden\"><\/div><\/p><\/div><div class=\"flex_column av_one_third  flex_column_div av-zero-column-padding   avia-builder-el-3  el_after_av_two_third  avia-builder-el-last  \" style='border-radius:0px; '><p><div  class='avia-image-container avia_animated_image avia_animate_when_almost_visible pop-up av-styling-no-styling av-hover-grow   avia-builder-el-4  el_before_av_textblock  avia-builder-el-first  avia-align-center '  itemprop=\"image\" itemscope=\"itemscope\" itemtype=\"https:\/\/schema.org\/ImageObject\"  ><div class='avia-image-container-inner'><div class='avia-image-overlay-wrap'><a href=\"https:\/\/goo.gl\/maps\/aifcLokokj32\" class='avia_image' target=\"_blank\" rel=\"noopener noreferrer\"><img decoding=\"async\" width=\"2420\" height=\"1553\" class='wp-image-7041 avia-img-lazy-loading-not-7041 avia_image' src=\"https:\/\/www.transocean.lt\/wp-content\/uploads\/2023\/02\/transocean-lt-office-view.jpg\" alt='' title='transocean-lt-office-view'  itemprop=\"thumbnailUrl\" srcset=\"https:\/\/www.transocean.lt\/wp-content\/uploads\/2023\/02\/transocean-lt-office-view.jpg 2420w, https:\/\/www.transocean.lt\/wp-content\/uploads\/2023\/02\/transocean-lt-office-view-300x193.jpg 300w, https:\/\/www.transocean.lt\/wp-content\/uploads\/2023\/02\/transocean-lt-office-view-1030x661.jpg 1030w, https:\/\/www.transocean.lt\/wp-content\/uploads\/2023\/02\/transocean-lt-office-view-768x493.jpg 768w, https:\/\/www.transocean.lt\/wp-content\/uploads\/2023\/02\/transocean-lt-office-view-1536x986.jpg 1536w, https:\/\/www.transocean.lt\/wp-content\/uploads\/2023\/02\/transocean-lt-office-view-2048x1314.jpg 2048w, https:\/\/www.transocean.lt\/wp-content\/uploads\/2023\/02\/transocean-lt-office-view-1500x963.jpg 1500w, https:\/\/www.transocean.lt\/wp-content\/uploads\/2023\/02\/transocean-lt-office-view-705x452.jpg 705w\" sizes=\"(max-width: 2420px) 100vw, 2420px\" \/><\/a><\/div><\/div><\/div><br \/>\n<section class=\"av_textblock_section \"  itemscope=\"itemscope\" itemtype=\"https:\/\/schema.org\/CreativeWork\" ><div class='avia_textblock  '   itemprop=\"text\" ><p><a href=\"https:\/\/goo.gl\/maps\/MYESJbR5Kk5p3FXa7\" target=\"_blank\" rel=\"noopener\">GATV\u0116S VAIZDAS<\/a> | <a href=\"https:\/\/goo.gl\/maps\/iXLkPe1xWLcytyS77\">DIDELIS VAIZDAS<\/a><\/p>\n<\/div><\/section><br \/>\n<section class=\"av_textblock_section \"  itemscope=\"itemscope\" itemtype=\"https:\/\/schema.org\/CreativeWork\" ><div class='avia_textblock  '   itemprop=\"text\" ><p><strong>Transocean Lietuva UAB<\/strong><br \/>\nK. Donelai\u010dio g. 19A<br \/>\n92141 Klaip\u0117da, Lietuva<br \/>\n<a href=\"mailto:transocean@transocean.lt\">transocean@transocean.lt<\/a><br \/>\nTel: +370 46 41 11 00<\/p>\n<\/div><\/section><\/p><\/div><\/p>\n","protected":false},"excerpt":{"rendered":"","protected":false},"author":1,"featured_media":0,"parent":0,"menu_order":0,"comment_status":"closed","ping_status":"closed","template":"","meta":{"footnotes":""},"class_list":["post-6105","page","type-page","status-publish","hentry"],"_links":{"self":[{"href":"https:\/\/www.transocean.lt\/lt\/wp-json\/wp\/v2\/pages\/6105","targetHints":{"allow":["GET"]}}],"collection":[{"href":"https:\/\/www.transocean.lt\/lt\/wp-json\/wp\/v2\/pages"}],"about":[{"href":"https:\/\/www.transocean.lt\/lt\/wp-json\/wp\/v2\/types\/page"}],"author":[{"embeddable":true,"href":"https:\/\/www.transocean.lt\/lt\/wp-json\/wp\/v2\/users\/1"}],"replies":[{"embeddable":true,"href":"https:\/\/www.transocean.lt\/lt\/wp-json\/wp\/v2\/comments?post=6105"}],"version-history":[{"count":3,"href":"https:\/\/www.transocean.lt\/lt\/wp-json\/wp\/v2\/pages\/6105\/revisions"}],"predecessor-version":[{"id":7066,"href":"https:\/\/www.transocean.lt\/lt\/wp-json\/wp\/v2\/pages\/6105\/revisions\/7066"}],"wp:attachment":[{"href":"https:\/\/www.transocean.lt\/lt\/wp-json\/wp\/v2\/media?parent=6105"}],"curies":[{"name":"wp","href":"https:\/\/api.w.org\/{rel}","templated":true}]}}